{"id":30,"date":"2023-09-27T17:35:26","date_gmt":"2023-09-27T15:35:26","guid":{"rendered":"https:\/\/www.cooltax.digital\/?page_id=30"},"modified":"2025-11-21T14:59:22","modified_gmt":"2025-11-21T13:59:22","slug":"contact","status":"publish","type":"page","link":"https:\/\/www.cooltax.digital\/cooltax-digital-steuerberatung-generation-x\/contact\/","title":{"rendered":"Kontakt"},"content":{"rendered":"\t\t<div data-elementor-type=\"wp-page\" data-elementor-id=\"30\" class=\"elementor elementor-30\">\n\t\t\t\t<div class=\"elementor-element elementor-element-536ad5e e-con-full e-flex e-con e-parent\" data-id=\"536ad5e\" data-element_type=\"container\" data-e-type=\"container\" data-settings=\"{&quot;background_background&quot;:&quot;classic&quot;}\">\n\t\t<div class=\"elementor-element elementor-element-be0cf6a e-con-full e-flex e-con e-child\" data-id=\"be0cf6a\" data-element_type=\"container\" data-e-type=\"container\">\n\t\t\t\t<div class=\"elementor-element elementor-element-fd9be7f elementor-widget elementor-widget-spacer\" data-id=\"fd9be7f\" data-element_type=\"widget\" data-e-type=\"widget\" data-widget_type=\"spacer.default\">\n\t\t\t\t<div class=\"elementor-widget-container\">\n\t\t\t\t\t\t\t<div class=\"elementor-spacer\">\n\t\t\t<div class=\"elementor-spacer-inner\"><\/div>\n\t\t<\/div>\n\t\t\t\t\t\t<\/div>\n\t\t\t\t<\/div>\n\t\t\t\t<div class=\"elementor-element elementor-element-320025f elementor-invisible elementor-widget elementor-widget-image\" data-id=\"320025f\" data-element_type=\"widget\" data-e-type=\"widget\" data-settings=\"{&quot;_animation&quot;:&quot;fadeInLeft&quot;,&quot;_animation_tablet&quot;:&quot;fadeInLeft&quot;}\" data-widget_type=\"image.default\">\n\t\t\t\t<div class=\"elementor-widget-container\">\n\t\t\t\t\t\t\t\t\t\t\t\t\t\t\t<img fetchpriority=\"high\" decoding=\"async\" width=\"1000\" height=\"1000\" src=\"https:\/\/www.cooltax.digital\/wp-content\/uploads\/2025\/11\/cooltax-Bilder-Funnel-Steffen-1.png\" class=\"attachment-large size-large wp-image-783\" alt=\"Steffen G\u00f6ldner am Laptop mit Hintergrund\" srcset=\"https:\/\/www.cooltax.digital\/wp-content\/uploads\/2025\/11\/cooltax-Bilder-Funnel-Steffen-1.png 1000w, https:\/\/www.cooltax.digital\/wp-content\/uploads\/2025\/11\/cooltax-Bilder-Funnel-Steffen-1-300x300.png 300w, https:\/\/www.cooltax.digital\/wp-content\/uploads\/2025\/11\/cooltax-Bilder-Funnel-Steffen-1-150x150.png 150w, https:\/\/www.cooltax.digital\/wp-content\/uploads\/2025\/11\/cooltax-Bilder-Funnel-Steffen-1-768x768.png 768w\" sizes=\"(max-width: 1000px) 100vw, 1000px\" \/>\t\t\t\t\t\t\t\t\t\t\t\t\t\t\t<\/div>\n\t\t\t\t<\/div>\n\t\t\t\t<\/div>\n\t\t<div class=\"elementor-element elementor-element-319c97b e-con-full e-flex e-con e-child\" data-id=\"319c97b\" data-element_type=\"container\" data-e-type=\"container\">\n\t\t\t\t<div class=\"elementor-element elementor-element-c951eb5 elementor-hidden-tablet elementor-widget elementor-widget-spacer\" data-id=\"c951eb5\" data-element_type=\"widget\" data-e-type=\"widget\" data-widget_type=\"spacer.default\">\n\t\t\t\t<div class=\"elementor-widget-container\">\n\t\t\t\t\t\t\t<div class=\"elementor-spacer\">\n\t\t\t<div class=\"elementor-spacer-inner\"><\/div>\n\t\t<\/div>\n\t\t\t\t\t\t<\/div>\n\t\t\t\t<\/div>\n\t\t\t\t<div class=\"elementor-element elementor-element-e7ba305 elementor-widget elementor-widget-heading\" data-id=\"e7ba305\" data-element_type=\"widget\" data-e-type=\"widget\" data-widget_type=\"heading.default\">\n\t\t\t\t<div class=\"elementor-widget-container\">\n\t\t\t\t\t<h2 class=\"elementor-heading-title elementor-size-default\">Starte jetzt mit uns durch!<\/h2>\t\t\t\t<\/div>\n\t\t\t\t<\/div>\n\t\t\t\t<div class=\"elementor-element elementor-element-a13556f elementor-widget elementor-widget-text-editor\" data-id=\"a13556f\" data-element_type=\"widget\" data-e-type=\"widget\" data-widget_type=\"text-editor.default\">\n\t\t\t\t<div class=\"elementor-widget-container\">\n\t\t\t\t\t\t\t\t\t<p>Egal ob Frage, Auftrag oder Netzwerkanfrage! Schreibe uns gern eine Nachricht und wir melden uns bei dir.<\/p>\t\t\t\t\t\t\t\t<\/div>\n\t\t\t\t<\/div>\n\t\t\t\t<div class=\"elementor-element elementor-element-c55ccf5 elementor-widget elementor-widget-wpforms\" data-id=\"c55ccf5\" data-element_type=\"widget\" data-e-type=\"widget\" data-widget_type=\"wpforms.default\">\n\t\t\t\t<div class=\"elementor-widget-container\">\n\t\t\t\t\t<style id=\"wpforms-css-vars-elementor-widget-c55ccf5\">\n\t\t\t\t.elementor-widget-wpforms.elementor-element-c55ccf5 {\n\t\t\t\t--wpforms-field-background-color: #292929;\n--wpforms-field-text-color: #FFFCFC;\n--wpforms-label-color: #FFFFFF;\n--wpforms-label-sublabel-color: #FFFFFF;\n--wpforms-label-error-color: #FF0067;\n--wpforms-button-background-color: #FF0879;\n\t\t\t}\n\t\t\t<\/style><div class=\"wpforms-container wpforms-container-full wpforms-render-modern\" id=\"wpforms-599\"><form id=\"wpforms-form-599\" class=\"wpforms-validate wpforms-form wpforms-ajax-form\" data-formid=\"599\" method=\"post\" enctype=\"multipart\/form-data\" action=\"\/cooltax-digital-steuerberatung-generation-x\/wp-json\/wp\/v2\/pages\/30\" data-token=\"0889358872e28b00ac7f6351600ebb4f\" data-token-time=\"1775267852\"><noscript class=\"wpforms-error-noscript\">Bitte aktiviere JavaScript in deinem Browser, um dieses Formular fertigzustellen.<\/noscript><div id=\"wpforms-error-noscript\" style=\"display: none;\">Bitte aktiviere JavaScript in deinem Browser, um dieses Formular fertigzustellen.<\/div><div class=\"wpforms-field-container\"><div id=\"wpforms-599-field_1-container\" class=\"wpforms-field wpforms-field-name\" data-field-id=\"1\"><fieldset><legend class=\"wpforms-field-label\">Name <span class=\"wpforms-required-label\" aria-hidden=\"true\">*<\/span><\/legend><div class=\"wpforms-field-row wpforms-field-medium\"><div class=\"wpforms-field-row-block wpforms-first wpforms-one-half\"><input type=\"text\" id=\"wpforms-599-field_1\" class=\"wpforms-field-name-first wpforms-field-required\" name=\"wpforms[fields][1][first]\" aria-errormessage=\"wpforms-599-field_1-error\" required><label for=\"wpforms-599-field_1\" class=\"wpforms-field-sublabel after\">Vorname<\/label><\/div><div class=\"wpforms-field-row-block wpforms-one-half\"><input type=\"text\" id=\"wpforms-599-field_1-last\" class=\"wpforms-field-name-last wpforms-field-required\" name=\"wpforms[fields][1][last]\" aria-errormessage=\"wpforms-599-field_1-last-error\" required><label for=\"wpforms-599-field_1-last\" class=\"wpforms-field-sublabel after\">Nachname<\/label><\/div><\/div><\/fieldset><\/div><div id=\"wpforms-599-field_2-container\" class=\"wpforms-field wpforms-field-email\" data-field-id=\"2\"><label class=\"wpforms-field-label\" for=\"wpforms-599-field_2\">E-Mail-Adresse <span class=\"wpforms-required-label\" aria-hidden=\"true\">*<\/span><\/label><input type=\"email\" id=\"wpforms-599-field_2\" class=\"wpforms-field-medium wpforms-field-required\" name=\"wpforms[fields][2]\" spellcheck=\"false\" aria-errormessage=\"wpforms-599-field_2-error\" required><\/div><div id=\"wpforms-599-field_3-container\" class=\"wpforms-field wpforms-field-textarea\" data-field-id=\"3\"><label class=\"wpforms-field-label\" for=\"wpforms-599-field_3\">Kommentar oder Nachricht<\/label><textarea id=\"wpforms-599-field_3\" class=\"wpforms-field-medium\" name=\"wpforms[fields][3]\" aria-errormessage=\"wpforms-599-field_3-error\" ><\/textarea><\/div>\t\t<div id=\"wpforms-599-field_5-container\"\n\t\t\tclass=\"wpforms-field wpforms-field-text\"\n\t\t\tdata-field-type=\"text\"\n\t\t\tdata-field-id=\"5\"\n\t\t\t>\n\t\t\t<label class=\"wpforms-field-label\" for=\"wpforms-599-field_5\" >E-Mail-Adresse Datenverarbeitung der<\/label>\n\t\t\t<input type=\"text\" id=\"wpforms-599-field_5\" class=\"wpforms-field-medium\" name=\"wpforms[fields][5]\" >\n\t\t<\/div>\n\t\t<div id=\"wpforms-599-field_4-container\" class=\"wpforms-field wpforms-field-payment-checkbox\" data-field-id=\"4\"><fieldset><legend class=\"wpforms-field-label\">Zustimmung der Datenverarbeitung <span class=\"wpforms-required-label\" aria-hidden=\"true\">*<\/span><\/legend><ul id=\"wpforms-599-field_4\" class=\"wpforms-field-required\"><li class=\"choice-1\"><input type=\"checkbox\" id=\"wpforms-599-field_4_1\" class=\"wpforms-payment-price\" data-amount=\"10.00\" name=\"wpforms[fields][4][]\" value=\"1\" aria-errormessage=\"wpforms-599-field_4_1-error\" required ><label class=\"wpforms-field-label-inline\" for=\"wpforms-599-field_4_1\">Mit dem Absenden dieses Formulars erkl\u00e4re ich mich damit einverstanden, dass meine angegebenen Daten zur Bearbeitung meiner Anfrage sowie f\u00fcr Marketingzwecke gem\u00e4\u00df der Datenschutzbestimmungen verwendet werden d\u00fcrfen. Eine Weitergabe an Dritte erfolgt nicht. Diese Einwilligung kann jederzeit widerrufen werden.<\/label><\/li><\/ul><\/fieldset><\/div><script>\n\t\t\t\t( function() {\n\t\t\t\t\tconst style = document.createElement( 'style' );\n\t\t\t\t\tstyle.appendChild( document.createTextNode( '#wpforms-599-field_5-container { position: absolute !important; overflow: hidden !important; display: inline !important; height: 1px !important; width: 1px !important; z-index: -1000 !important; padding: 0 !important; } #wpforms-599-field_5-container input { visibility: hidden; } #wpforms-conversational-form-page #wpforms-599-field_5-container label { counter-increment: none; }' ) );\n\t\t\t\t\tdocument.head.appendChild( style );\n\t\t\t\t\tdocument.currentScript?.remove();\n\t\t\t\t} )();\n\t\t\t<\/script><\/div><!-- .wpforms-field-container --><div class=\"wpforms-recaptcha-container wpforms-is-recaptcha wpforms-is-recaptcha-type-v3\" ><input type=\"hidden\" name=\"wpforms[recaptcha]\" value=\"\"><\/div><div class=\"wpforms-submit-container\" ><input type=\"hidden\" name=\"wpforms[id]\" value=\"599\"><input type=\"hidden\" name=\"page_title\" value=\"\"><input type=\"hidden\" name=\"page_url\" value=\"https:\/\/www.cooltax.digital\/cooltax-digital-steuerberatung-generation-x\/wp-json\/wp\/v2\/pages\/30\"><input type=\"hidden\" name=\"url_referer\" value=\"\"><button type=\"submit\" name=\"wpforms[submit]\" id=\"wpforms-submit-599\" class=\"wpforms-submit\" data-alt-text=\"Wird gesendet\u00a0\u2026\" data-submit-text=\"Absenden\" aria-live=\"assertive\" value=\"wpforms-submit\">Absenden<\/button><img decoding=\"async\" src=\"https:\/\/www.cooltax.digital\/wp-content\/plugins\/wpforms-lite\/assets\/images\/submit-spin.svg\" class=\"wpforms-submit-spinner\" style=\"display: none;\" width=\"26\" height=\"26\" alt=\"Wird geladen\"><\/div><\/form><\/div>  <!-- .wpforms-container -->\t\t\t\t<\/div>\n\t\t\t\t<\/div>\n\t\t\t\t<\/div>\n\t\t\t\t<\/div>\n\t\t<div class=\"elementor-element elementor-element-b5e45eb e-flex e-con-boxed e-con e-parent\" data-id=\"b5e45eb\" data-element_type=\"container\" data-e-type=\"container\">\n\t\t\t\t\t<div class=\"e-con-inner\">\n\t\t\t\t\t<\/div>\n\t\t\t\t<\/div>\n\t\t\t\t<\/div>\n\t\t","protected":false},"excerpt":{"rendered":"<p>Starte jetzt mit uns durch! Egal ob Frage, Auftrag oder Netzwerkanfrage! Schreibe uns gern eine Nachricht und wir melden uns bei dir. Bitte aktiviere JavaScript in deinem Browser, um dieses Formular fertigzustellen.Bitte aktiviere JavaScript in deinem Browser, um dieses Formular fertigzustellen. Name * VornameNachname E-Mail-Adresse *Kommentar oder Nachricht Zustimmung der Datenverarbeitung * Mit dem Absenden&hellip;&nbsp;<a href=\"https:\/\/www.cooltax.digital\/cooltax-digital-steuerberatung-generation-x\/contact\/\" rel=\"bookmark\">Weiterlesen &raquo;<span class=\"screen-reader-text\">Kontakt<\/span><\/a><\/p>\n","protected":false},"author":1,"featured_media":0,"parent":0,"menu_order":0,"comment_status":"closed","ping_status":"closed","template":"","meta":{"neve_meta_sidebar":"","neve_meta_container":"","neve_meta_enable_content_width":"on","neve_meta_content_width":100,"neve_meta_title_alignment":"","neve_meta_author_avatar":"","neve_post_elements_order":"","neve_meta_disable_header":"","neve_meta_disable_footer":"","neve_meta_disable_title":"on","footnotes":""},"class_list":["post-30","page","type-page","status-publish","hentry"],"yoast_head":"<!-- This site is optimized with the Yoast SEO plugin v27.2 - https:\/\/yoast.com\/product\/yoast-seo-wordpress\/ -->\n<title>Kontakt - cooltax.digital<\/title>\n<meta name=\"robots\" content=\"index, follow, max-snippet:-1, max-image-preview:large, max-video-preview:-1\" \/>\n<link rel=\"canonical\" href=\"https:\/\/www.cooltax.digital\/cooltax-digital-steuerberatung-generation-x\/contact\/\" \/>\n<meta property=\"og:locale\" content=\"de_DE\" \/>\n<meta property=\"og:type\" content=\"article\" \/>\n<meta property=\"og:title\" content=\"Kontakt - cooltax.digital\" \/>\n<meta property=\"og:description\" content=\"Starte jetzt mit uns durch! Egal ob Frage, Auftrag oder Netzwerkanfrage! Schreibe uns gern eine Nachricht und wir melden uns bei dir. Bitte aktiviere JavaScript in deinem Browser, um dieses Formular fertigzustellen.Bitte aktiviere JavaScript in deinem Browser, um dieses Formular fertigzustellen. Name * VornameNachname E-Mail-Adresse *Kommentar oder Nachricht Zustimmung der Datenverarbeitung * Mit dem Absenden&hellip;&nbsp;Weiterlesen &raquo;Kontakt\" \/>\n<meta property=\"og:url\" content=\"https:\/\/www.cooltax.digital\/cooltax-digital-steuerberatung-generation-x\/contact\/\" \/>\n<meta property=\"og:site_name\" content=\"cooltax.digital\" \/>\n<meta property=\"article:publisher\" content=\"https:\/\/www.facebook.com\/profile.php?id=100001915936091\" \/>\n<meta property=\"article:modified_time\" content=\"2025-11-21T13:59:22+00:00\" \/>\n<meta property=\"og:image\" content=\"https:\/\/www.cooltax.digital\/wp-content\/uploads\/2025\/11\/cooltax-Bilder-Funnel-Steffen-1.png\" \/>\n<meta name=\"twitter:card\" content=\"summary_large_image\" \/>\n<meta name=\"twitter:label1\" content=\"Gesch\u00e4tzte Lesezeit\" \/>\n\t<meta name=\"twitter:data1\" content=\"1\u00a0Minute\" \/>\n<script type=\"application\/ld+json\" class=\"yoast-schema-graph\">{\"@context\":\"https:\/\/schema.org\",\"@graph\":[{\"@type\":\"WebPage\",\"@id\":\"https:\/\/www.cooltax.digital\/cooltax-digital-steuerberatung-generation-x\/contact\/\",\"url\":\"https:\/\/www.cooltax.digital\/cooltax-digital-steuerberatung-generation-x\/contact\/\",\"name\":\"Kontakt - cooltax.digital\",\"isPartOf\":{\"@id\":\"https:\/\/www.cooltax.digital\/cooltax-digital-steuerberatung-generation-x\/#website\"},\"primaryImageOfPage\":{\"@id\":\"https:\/\/www.cooltax.digital\/cooltax-digital-steuerberatung-generation-x\/contact\/#primaryimage\"},\"image\":{\"@id\":\"https:\/\/www.cooltax.digital\/cooltax-digital-steuerberatung-generation-x\/contact\/#primaryimage\"},\"thumbnailUrl\":\"https:\/\/www.cooltax.digital\/wp-content\/uploads\/2025\/11\/cooltax-Bilder-Funnel-Steffen-1.png\",\"datePublished\":\"2023-09-27T15:35:26+00:00\",\"dateModified\":\"2025-11-21T13:59:22+00:00\",\"breadcrumb\":{\"@id\":\"https:\/\/www.cooltax.digital\/cooltax-digital-steuerberatung-generation-x\/contact\/#breadcrumb\"},\"inLanguage\":\"de\",\"potentialAction\":[{\"@type\":\"ReadAction\",\"target\":[\"https:\/\/www.cooltax.digital\/cooltax-digital-steuerberatung-generation-x\/contact\/\"]}]},{\"@type\":\"ImageObject\",\"inLanguage\":\"de\",\"@id\":\"https:\/\/www.cooltax.digital\/cooltax-digital-steuerberatung-generation-x\/contact\/#primaryimage\",\"url\":\"https:\/\/www.cooltax.digital\/wp-content\/uploads\/2025\/11\/cooltax-Bilder-Funnel-Steffen-1.png\",\"contentUrl\":\"https:\/\/www.cooltax.digital\/wp-content\/uploads\/2025\/11\/cooltax-Bilder-Funnel-Steffen-1.png\"},{\"@type\":\"BreadcrumbList\",\"@id\":\"https:\/\/www.cooltax.digital\/cooltax-digital-steuerberatung-generation-x\/contact\/#breadcrumb\",\"itemListElement\":[{\"@type\":\"ListItem\",\"position\":1,\"name\":\"Startseite\",\"item\":\"https:\/\/www.cooltax.digital\/cooltax-digital-steuerberatung-generation-x\/\"},{\"@type\":\"ListItem\",\"position\":2,\"name\":\"Kontakt\"}]},{\"@type\":\"WebSite\",\"@id\":\"https:\/\/www.cooltax.digital\/cooltax-digital-steuerberatung-generation-x\/#website\",\"url\":\"https:\/\/www.cooltax.digital\/cooltax-digital-steuerberatung-generation-x\/\",\"name\":\"cooltax.digital\",\"description\":\"Steuerberatung Gen X\",\"publisher\":{\"@id\":\"https:\/\/www.cooltax.digital\/cooltax-digital-steuerberatung-generation-x\/#organization\"},\"potentialAction\":[{\"@type\":\"SearchAction\",\"target\":{\"@type\":\"EntryPoint\",\"urlTemplate\":\"https:\/\/www.cooltax.digital\/cooltax-digital-steuerberatung-generation-x\/?s={search_term_string}\"},\"query-input\":{\"@type\":\"PropertyValueSpecification\",\"valueRequired\":true,\"valueName\":\"search_term_string\"}}],\"inLanguage\":\"de\"},{\"@type\":\"Organization\",\"@id\":\"https:\/\/www.cooltax.digital\/cooltax-digital-steuerberatung-generation-x\/#organization\",\"name\":\"cooltax.digital\",\"url\":\"https:\/\/www.cooltax.digital\/cooltax-digital-steuerberatung-generation-x\/\",\"logo\":{\"@type\":\"ImageObject\",\"inLanguage\":\"de\",\"@id\":\"https:\/\/www.cooltax.digital\/cooltax-digital-steuerberatung-generation-x\/#\/schema\/logo\/image\/\",\"url\":\"https:\/\/www.cooltax.digital\/wp-content\/uploads\/2023\/09\/cropped-cooltax.digital-logo-schwarz-1.png\",\"contentUrl\":\"https:\/\/www.cooltax.digital\/wp-content\/uploads\/2023\/09\/cropped-cooltax.digital-logo-schwarz-1.png\",\"width\":512,\"height\":512,\"caption\":\"cooltax.digital\"},\"image\":{\"@id\":\"https:\/\/www.cooltax.digital\/cooltax-digital-steuerberatung-generation-x\/#\/schema\/logo\/image\/\"},\"sameAs\":[\"https:\/\/www.facebook.com\/profile.php?id=100001915936091\",\"https:\/\/www.linkedin.com\/in\/steffen-gldner-166b731b5\/\"]}]}<\/script>\n<!-- \/ Yoast SEO plugin. -->","yoast_head_json":{"title":"Kontakt - cooltax.digital","robots":{"index":"index","follow":"follow","max-snippet":"max-snippet:-1","max-image-preview":"max-image-preview:large","max-video-preview":"max-video-preview:-1"},"canonical":"https:\/\/www.cooltax.digital\/cooltax-digital-steuerberatung-generation-x\/contact\/","og_locale":"de_DE","og_type":"article","og_title":"Kontakt - cooltax.digital","og_description":"Starte jetzt mit uns durch! Egal ob Frage, Auftrag oder Netzwerkanfrage! Schreibe uns gern eine Nachricht und wir melden uns bei dir. Bitte aktiviere JavaScript in deinem Browser, um dieses Formular fertigzustellen.Bitte aktiviere JavaScript in deinem Browser, um dieses Formular fertigzustellen. Name * VornameNachname E-Mail-Adresse *Kommentar oder Nachricht Zustimmung der Datenverarbeitung * Mit dem Absenden&hellip;&nbsp;Weiterlesen &raquo;Kontakt","og_url":"https:\/\/www.cooltax.digital\/cooltax-digital-steuerberatung-generation-x\/contact\/","og_site_name":"cooltax.digital","article_publisher":"https:\/\/www.facebook.com\/profile.php?id=100001915936091","article_modified_time":"2025-11-21T13:59:22+00:00","og_image":[{"url":"https:\/\/www.cooltax.digital\/wp-content\/uploads\/2025\/11\/cooltax-Bilder-Funnel-Steffen-1.png","type":"","width":"","height":""}],"twitter_card":"summary_large_image","twitter_misc":{"Gesch\u00e4tzte Lesezeit":"1\u00a0Minute"},"schema":{"@context":"https:\/\/schema.org","@graph":[{"@type":"WebPage","@id":"https:\/\/www.cooltax.digital\/cooltax-digital-steuerberatung-generation-x\/contact\/","url":"https:\/\/www.cooltax.digital\/cooltax-digital-steuerberatung-generation-x\/contact\/","name":"Kontakt - cooltax.digital","isPartOf":{"@id":"https:\/\/www.cooltax.digital\/cooltax-digital-steuerberatung-generation-x\/#website"},"primaryImageOfPage":{"@id":"https:\/\/www.cooltax.digital\/cooltax-digital-steuerberatung-generation-x\/contact\/#primaryimage"},"image":{"@id":"https:\/\/www.cooltax.digital\/cooltax-digital-steuerberatung-generation-x\/contact\/#primaryimage"},"thumbnailUrl":"https:\/\/www.cooltax.digital\/wp-content\/uploads\/2025\/11\/cooltax-Bilder-Funnel-Steffen-1.png","datePublished":"2023-09-27T15:35:26+00:00","dateModified":"2025-11-21T13:59:22+00:00","breadcrumb":{"@id":"https:\/\/www.cooltax.digital\/cooltax-digital-steuerberatung-generation-x\/contact\/#breadcrumb"},"inLanguage":"de","potentialAction":[{"@type":"ReadAction","target":["https:\/\/www.cooltax.digital\/cooltax-digital-steuerberatung-generation-x\/contact\/"]}]},{"@type":"ImageObject","inLanguage":"de","@id":"https:\/\/www.cooltax.digital\/cooltax-digital-steuerberatung-generation-x\/contact\/#primaryimage","url":"https:\/\/www.cooltax.digital\/wp-content\/uploads\/2025\/11\/cooltax-Bilder-Funnel-Steffen-1.png","contentUrl":"https:\/\/www.cooltax.digital\/wp-content\/uploads\/2025\/11\/cooltax-Bilder-Funnel-Steffen-1.png"},{"@type":"BreadcrumbList","@id":"https:\/\/www.cooltax.digital\/cooltax-digital-steuerberatung-generation-x\/contact\/#breadcrumb","itemListElement":[{"@type":"ListItem","position":1,"name":"Startseite","item":"https:\/\/www.cooltax.digital\/cooltax-digital-steuerberatung-generation-x\/"},{"@type":"ListItem","position":2,"name":"Kontakt"}]},{"@type":"WebSite","@id":"https:\/\/www.cooltax.digital\/cooltax-digital-steuerberatung-generation-x\/#website","url":"https:\/\/www.cooltax.digital\/cooltax-digital-steuerberatung-generation-x\/","name":"cooltax.digital","description":"Steuerberatung Gen X","publisher":{"@id":"https:\/\/www.cooltax.digital\/cooltax-digital-steuerberatung-generation-x\/#organization"},"potentialAction":[{"@type":"SearchAction","target":{"@type":"EntryPoint","urlTemplate":"https:\/\/www.cooltax.digital\/cooltax-digital-steuerberatung-generation-x\/?s={search_term_string}"},"query-input":{"@type":"PropertyValueSpecification","valueRequired":true,"valueName":"search_term_string"}}],"inLanguage":"de"},{"@type":"Organization","@id":"https:\/\/www.cooltax.digital\/cooltax-digital-steuerberatung-generation-x\/#organization","name":"cooltax.digital","url":"https:\/\/www.cooltax.digital\/cooltax-digital-steuerberatung-generation-x\/","logo":{"@type":"ImageObject","inLanguage":"de","@id":"https:\/\/www.cooltax.digital\/cooltax-digital-steuerberatung-generation-x\/#\/schema\/logo\/image\/","url":"https:\/\/www.cooltax.digital\/wp-content\/uploads\/2023\/09\/cropped-cooltax.digital-logo-schwarz-1.png","contentUrl":"https:\/\/www.cooltax.digital\/wp-content\/uploads\/2023\/09\/cropped-cooltax.digital-logo-schwarz-1.png","width":512,"height":512,"caption":"cooltax.digital"},"image":{"@id":"https:\/\/www.cooltax.digital\/cooltax-digital-steuerberatung-generation-x\/#\/schema\/logo\/image\/"},"sameAs":["https:\/\/www.facebook.com\/profile.php?id=100001915936091","https:\/\/www.linkedin.com\/in\/steffen-gldner-166b731b5\/"]}]}},"_links":{"self":[{"href":"https:\/\/www.cooltax.digital\/cooltax-digital-steuerberatung-generation-x\/wp-json\/wp\/v2\/pages\/30","targetHints":{"allow":["GET"]}}],"collection":[{"href":"https:\/\/www.cooltax.digital\/cooltax-digital-steuerberatung-generation-x\/wp-json\/wp\/v2\/pages"}],"about":[{"href":"https:\/\/www.cooltax.digital\/cooltax-digital-steuerberatung-generation-x\/wp-json\/wp\/v2\/types\/page"}],"author":[{"embeddable":true,"href":"https:\/\/www.cooltax.digital\/cooltax-digital-steuerberatung-generation-x\/wp-json\/wp\/v2\/users\/1"}],"replies":[{"embeddable":true,"href":"https:\/\/www.cooltax.digital\/cooltax-digital-steuerberatung-generation-x\/wp-json\/wp\/v2\/comments?post=30"}],"version-history":[{"count":3,"href":"https:\/\/www.cooltax.digital\/cooltax-digital-steuerberatung-generation-x\/wp-json\/wp\/v2\/pages\/30\/revisions"}],"predecessor-version":[{"id":786,"href":"https:\/\/www.cooltax.digital\/cooltax-digital-steuerberatung-generation-x\/wp-json\/wp\/v2\/pages\/30\/revisions\/786"}],"wp:attachment":[{"href":"https:\/\/www.cooltax.digital\/cooltax-digital-steuerberatung-generation-x\/wp-json\/wp\/v2\/media?parent=30"}],"curies":[{"name":"wp","href":"https:\/\/api.w.org\/{rel}","templated":true}]}}